{"id":444,"date":"2023-03-26T19:24:29","date_gmt":"2023-03-26T19:24:29","guid":{"rendered":"http:\/\/coval.com.br.previewc75.carrierzone.com\/?page_id=444"},"modified":"2023-05-15T14:43:56","modified_gmt":"2023-05-15T14:43:56","slug":"registro-de-esfera","status":"publish","type":"page","link":"http:\/\/coval.com.br\/?page_id=444","title":{"rendered":"Registro de Esfera"},"content":{"rendered":"\t\t<div data-elementor-type=\"wp-page\" data-elementor-id=\"444\" class=\"elementor elementor-444\">\n\t\t\t\t\t\t\t\t\t<section class=\"elementor-section elementor-top-section elementor-element elementor-element-385aff3 elementor-section-boxed elementor-section-height-default elementor-section-height-default\" data-id=\"385aff3\" data-element_type=\"section\">\n\t\t\t\t\t\t<div class=\"elementor-container elementor-column-gap-default\">\n\t\t\t\t\t<div class=\"elementor-column elementor-col-100 elementor-top-column elementor-element elementor-element-a2e8c6e\" data-id=\"a2e8c6e\" data-element_type=\"column\">\n\t\t\t<div class=\"elementor-widget-wrap elementor-element-populated\">\n\t\t\t\t\t\t\t\t<div class=\"elementor-element elementor-element-40322bb elementor-widget elementor-widget-spacer\" data-id=\"40322bb\" data-element_type=\"widget\" data-widget_type=\"spacer.default\">\n\t\t\t\t<div class=\"elementor-widget-container\">\n\t\t\t<style>\/*! elementor - v3.11.5 - 14-03-2023 *\/\n.elementor-column .elementor-spacer-inner{height:var(--spacer-size)}.e-con{--container-widget-width:100%}.e-con-inner>.elementor-widget-spacer,.e-con>.elementor-widget-spacer{width:var(--container-widget-width,var(--spacer-size));--align-self:var(--container-widget-align-self,initial);--flex-shrink:0}.e-con-inner>.elementor-widget-spacer>.elementor-widget-container,.e-con-inner>.elementor-widget-spacer>.elementor-widget-container>.elementor-spacer,.e-con>.elementor-widget-spacer>.elementor-widget-container,.e-con>.elementor-widget-spacer>.elementor-widget-container>.elementor-spacer{height:100%}.e-con-inner>.elementor-widget-spacer>.elementor-widget-container>.elementor-spacer>.elementor-spacer-inner,.e-con>.elementor-widget-spacer>.elementor-widget-container>.elementor-spacer>.elementor-spacer-inner{height:var(--container-widget-height,var(--spacer-size))}<\/style>\t\t<div class=\"elementor-spacer\">\n\t\t\t<div class=\"elementor-spacer-inner\"><\/div>\n\t\t<\/div>\n\t\t\t\t<\/div>\n\t\t\t\t<\/div>\n\t\t\t\t\t<\/div>\n\t\t<\/div>\n\t\t\t\t\t\t\t<\/div>\n\t\t<\/section>\n\t\t\t\t<section class=\"elementor-section elementor-top-section elementor-element elementor-element-01ee0a9 elementor-section-boxed elementor-section-height-default elementor-section-height-default\" data-id=\"01ee0a9\" data-element_type=\"section\" data-settings=\"{&quot;background_background&quot;:&quot;gradient&quot;}\">\n\t\t\t\t\t\t<div class=\"elementor-container elementor-column-gap-default\">\n\t\t\t\t\t<div class=\"elementor-column elementor-col-100 elementor-top-column elementor-element elementor-element-7bb12a7\" data-id=\"7bb12a7\" data-element_type=\"column\">\n\t\t\t<div class=\"elementor-widget-wrap elementor-element-populated\">\n\t\t\t\t\t\t\t\t<section class=\"elementor-section elementor-inner-section elementor-element elementor-element-5e5c2e1 elementor-section-boxed elementor-section-height-default elementor-section-height-default\" data-id=\"5e5c2e1\" data-element_type=\"section\">\n\t\t\t\t\t\t<div class=\"elementor-container elementor-column-gap-default\">\n\t\t\t\t\t<div class=\"elementor-column elementor-col-50 elementor-inner-column elementor-element elementor-element-e86e4c5\" data-id=\"e86e4c5\" data-element_type=\"column\">\n\t\t\t<div class=\"elementor-widget-wrap elementor-element-populated\">\n\t\t\t\t\t\t\t\t<div class=\"elementor-element elementor-element-e8fca7c elementor-widget elementor-widget-elementskit-heading\" data-id=\"e8fca7c\" data-element_type=\"widget\" data-widget_type=\"elementskit-heading.default\">\n\t\t\t\t<div class=\"elementor-widget-container\">\n\t\t\t<div class=\"ekit-wid-con\" ><div class=\"ekit-heading elementskit-section-title-wraper text_left   ekit_heading_tablet-   ekit_heading_mobile-\"><h2 class=\"ekit-heading--title elementskit-section-title \">Registro de esfera de pvc compacto<\/h2>\t\t\t\t<div class='ekit-heading__description'>\n\t\t\t\t\t<p class=\"center\">Os Registros de Esfera de PVC Compactos possuem diversos tamanhos de bitolas e podem ser utilizados em press\u00f5es de servi\u00e7o de at\u00e9 10 kgf\/cm\u00b2 e 65\u00ba C, totalmente aberto ou totalmente fechado.<\/p>\n<p class=\"center\">Dispon\u00edveis em tamanhos variados de bitolas, para diversos tipos de obras e projetos.<\/p>\n\t\t\t\t<\/div>\n\t\t\t<\/div><\/div>\t\t<\/div>\n\t\t\t\t<\/div>\n\t\t\t\t<div class=\"elementor-element elementor-element-744b223 elementor-widget__width-initial elementor-widget elementor-widget-text-editor\" data-id=\"744b223\" data-element_type=\"widget\" data-widget_type=\"text-editor.default\">\n\t\t\t\t<div class=\"elementor-widget-container\">\n\t\t\t<style>\/*! elementor - v3.11.5 - 14-03-2023 *\/\n.elementor-widget-text-editor.elementor-drop-cap-view-stacked .elementor-drop-cap{background-color:#818a91;color:#fff}.elementor-widget-text-editor.elementor-drop-cap-view-framed .elementor-drop-cap{color:#818a91;border:3px solid;background-color:transparent}.elementor-widget-text-editor:not(.elementor-drop-cap-view-default) .elementor-drop-cap{margin-top:8px}.elementor-widget-text-editor:not(.elementor-drop-cap-view-default) .elementor-drop-cap-letter{width:1em;height:1em}.elementor-widget-text-editor .elementor-drop-cap{float:left;text-align:center;line-height:1;font-size:50px}.elementor-widget-text-editor .elementor-drop-cap-letter{display:inline-block}<\/style>\t\t\t\t<p>\u00bd\u201d (20 mm) a 4\u201d (160 mm)<\/p>\t\t\t\t\t\t<\/div>\n\t\t\t\t<\/div>\n\t\t\t\t\t<\/div>\n\t\t<\/div>\n\t\t\t\t<div class=\"elementor-column elementor-col-50 elementor-inner-column elementor-element elementor-element-8a24735\" data-id=\"8a24735\" data-element_type=\"column\">\n\t\t\t<div class=\"elementor-widget-wrap elementor-element-populated\">\n\t\t\t\t\t\t\t\t<div class=\"elementor-element elementor-element-92fd31e elementor-widget elementor-widget-image\" data-id=\"92fd31e\" data-element_type=\"widget\" data-widget_type=\"image.default\">\n\t\t\t\t<div class=\"elementor-widget-container\">\n\t\t\t<style>\/*! elementor - v3.11.5 - 14-03-2023 *\/\n.elementor-widget-image{text-align:center}.elementor-widget-image a{display:inline-block}.elementor-widget-image a img[src$=\".svg\"]{width:48px}.elementor-widget-image img{vertical-align:middle;display:inline-block}<\/style>\t\t\t\t\t\t\t\t\t\t\t\t<img loading=\"lazy\" decoding=\"async\" width=\"348\" height=\"318\" src=\"http:\/\/coval.com.br.previewc75.carrierzone.com\/wp-content\/uploads\/2023\/03\/registroEsferaCompacto.png\" class=\"attachment-large size-large wp-image-117\" alt=\"\" srcset=\"http:\/\/coval.com.br.previewc75.carrierzone.com\/wp-content\/uploads\/2023\/03\/registroEsferaCompacto.png 348w, http:\/\/coval.com.br.previewc75.carrierzone.com\/wp-content\/uploads\/2023\/03\/registroEsferaCompacto-300x274.png 300w\" sizes=\"auto, (max-width: 348px) 100vw, 348px\" style=\"width:100%;height:91.38%;max-width:348px\" \/>\t\t\t\t\t\t\t\t\t\t\t\t\t\t\t<\/div>\n\t\t\t\t<\/div>\n\t\t\t\t\t<\/div>\n\t\t<\/div>\n\t\t\t\t\t\t\t<\/div>\n\t\t<\/section>\n\t\t\t\t\t<\/div>\n\t\t<\/div>\n\t\t\t\t\t\t\t<\/div>\n\t\t<\/section>\n\t\t\t\t<section class=\"elementor-section elementor-top-section elementor-element elementor-element-403024e elementor-section-boxed elementor-section-height-default elementor-section-height-default\" data-id=\"403024e\" data-element_type=\"section\">\n\t\t\t\t\t\t<div class=\"elementor-container elementor-column-gap-default\">\n\t\t\t\t\t<div class=\"elementor-column elementor-col-100 elementor-top-column elementor-element elementor-element-d2bbb72\" data-id=\"d2bbb72\" data-element_type=\"column\">\n\t\t\t<div class=\"elementor-widget-wrap elementor-element-populated\">\n\t\t\t\t\t\t\t\t<div class=\"elementor-element elementor-element-07ae740 elementor-widget elementor-widget-spacer\" data-id=\"07ae740\" data-element_type=\"widget\" data-widget_type=\"spacer.default\">\n\t\t\t\t<div class=\"elementor-widget-container\">\n\t\t\t\t\t<div class=\"elementor-spacer\">\n\t\t\t<div class=\"elementor-spacer-inner\"><\/div>\n\t\t<\/div>\n\t\t\t\t<\/div>\n\t\t\t\t<\/div>\n\t\t\t\t\t<\/div>\n\t\t<\/div>\n\t\t\t\t\t\t\t<\/div>\n\t\t<\/section>\n\t\t\t\t<section class=\"elementor-section elementor-top-section elementor-element elementor-element-80d84c2 elementor-section-boxed elementor-section-height-default elementor-section-height-default\" data-id=\"80d84c2\" data-element_type=\"section\">\n\t\t\t\t\t\t<div class=\"elementor-container elementor-column-gap-default\">\n\t\t\t\t\t<div class=\"elementor-column elementor-col-100 elementor-top-column elementor-element elementor-element-ff977a2\" data-id=\"ff977a2\" data-element_type=\"column\">\n\t\t\t<div class=\"elementor-widget-wrap elementor-element-populated\">\n\t\t\t\t\t\t\t\t<div class=\"elementor-element elementor-element-f050cd7 a elementor-widget elementor-widget-table\" data-id=\"f050cd7\" data-element_type=\"widget\" data-widget_type=\"table.default\">\n\t\t\t\t<div class=\"elementor-widget-container\">\n\t\t\t\t\t\n\t\t<table class=\"ee-table ee-table--even ee-table--rules\">\n\n\t\t\t\t\t\t<colgroup>\n\t\t\t\t\t\t\t\t<col span=\"1\" class=\"elementor-repeater-item-e90b5b6\">\n\t\t\t\t\t\t\t<\/colgroup>\n\t\t<thead>\n\t\t\t<tr class=\"ee-table__row\">\n\n\t\t\t<th class=\"ee-table__cell elementor-repeater-item-64bcb33\">\n\t\t\t\t\t<span class=\"ee-table__text\"><span class=\"ee-table__text__inner\">Bitola<\/span>\n\n\t\t\t\t\t\t\n\t\t\t\t\t<\/span>\n\t\t\t\t<\/th>\n\n\t\t\t<th class=\"ee-table__cell elementor-repeater-item-4c8f15b\">\n\t\t\t\t\t<span class=\"ee-table__text\"><span class=\"ee-table__text__inner\">Tipo de uni\u00e3o<\/span>\n\n\t\t\t\t\t\t\n\t\t\t\t\t<\/span>\n\t\t\t\t<\/th>\n\n\t\t\t<th class=\"ee-table__cell elementor-repeater-item-f46613b\">\n\t\t\t\t\t<span class=\"ee-table__text\"><span class=\"ee-table__text__inner\">Pe\u00e7as na caixa<\/span>\n\n\t\t\t\t\t\t\n\t\t\t\t\t<\/span>\n\t\t\t\t<\/th>\n\n\t\t\t\t\t\t<\/tr>\n\t\t<\/thead><tbody><tr class=\"ee-table__row elementor-repeater-item-cf7208e\">\n\t\t<td class=\"ee-table__cell elementor-repeater-item-c15f4ff\">\n\t\t\t<span class=\"ee-table__text\"><span class=\"ee-table__text__inner\">\u00bd\u201d \/ 20 mm<\/span>\n\n\t\t\t<\/span>\n\t\t<\/td><td class=\"ee-table__cell elementor-repeater-item-9f2d7d2\">\n\t\t\t<span class=\"ee-table__text\"><span class=\"ee-table__text__inner\">Rosca \/ Solda<\/span>\n\n\t\t\t<\/span>\n\t\t<\/td><td class=\"ee-table__cell elementor-repeater-item-60d0747\">\n\t\t\t<span class=\"ee-table__text\"><span class=\"ee-table__text__inner\">100<\/span>\n\n\t\t\t<\/span>\n\t\t<\/td><\/tr><tr class=\"ee-table__row elementor-repeater-item-8891c2e\">\n\n\t\t<td class=\"ee-table__cell elementor-repeater-item-5412c37\">\n\t\t\t<span class=\"ee-table__text\"><span class=\"ee-table__text__inner\">\u00be\u201d \/ 25 mm<\/span>\n\n\t\t\t<\/span>\n\t\t<\/td><td class=\"ee-table__cell elementor-repeater-item-8c9e72a\">\n\t\t\t<span class=\"ee-table__text\"><span class=\"ee-table__text__inner\">Rosca \/ Solda<\/span>\n\n\t\t\t<\/span>\n\t\t<\/td><td class=\"ee-table__cell elementor-repeater-item-d34ee01\">\n\t\t\t<span class=\"ee-table__text\"><span class=\"ee-table__text__inner\">80<\/span>\n\n\t\t\t<\/span>\n\t\t<\/td><\/tr><tr class=\"ee-table__row elementor-repeater-item-e6b6fa9\">\n\n\t\t<td class=\"ee-table__cell elementor-repeater-item-368b9c4\">\n\t\t\t<span class=\"ee-table__text\"><span class=\"ee-table__text__inner\">1\u201d \/ 32 mm<\/span>\n\n\t\t\t<\/span>\n\t\t<\/td><td class=\"ee-table__cell elementor-repeater-item-bd0662d\">\n\t\t\t<span class=\"ee-table__text\"><span class=\"ee-table__text__inner\">Rosca \/ Solda<\/span>\n\n\t\t\t<\/span>\n\t\t<\/td><td class=\"ee-table__cell elementor-repeater-item-0a7de70\">\n\t\t\t<span class=\"ee-table__text\"><span class=\"ee-table__text__inner\">40<\/span>\n\n\t\t\t<\/span>\n\t\t<\/td><\/tr><tr class=\"ee-table__row elementor-repeater-item-1d088b5\">\n\n\t\t<td class=\"ee-table__cell elementor-repeater-item-a804c57\">\n\t\t\t<span class=\"ee-table__text\"><span class=\"ee-table__text__inner\">1 \u00bc\u201c \/ 40 mm<\/span>\n\n\t\t\t<\/span>\n\t\t<\/td><td class=\"ee-table__cell elementor-repeater-item-e0085b9\">\n\t\t\t<span class=\"ee-table__text\"><span class=\"ee-table__text__inner\">Rosca \/ Solda<\/span>\n\n\t\t\t<\/span>\n\t\t<\/td><td class=\"ee-table__cell elementor-repeater-item-9d70550\">\n\t\t\t<span class=\"ee-table__text\"><span class=\"ee-table__text__inner\">30<\/span>\n\n\t\t\t<\/span>\n\t\t<\/td><\/tr><tr class=\"ee-table__row elementor-repeater-item-670dfa3\">\n\n\t\t<td class=\"ee-table__cell elementor-repeater-item-b33cda0\">\n\t\t\t<span class=\"ee-table__text\"><span class=\"ee-table__text__inner\">1 \u00bd\u201d \/ 50 mm<\/span>\n\n\t\t\t<\/span>\n\t\t<\/td><td class=\"ee-table__cell elementor-repeater-item-bbd9941\">\n\t\t\t<span class=\"ee-table__text\"><span class=\"ee-table__text__inner\">Rosca \/ Solda<\/span>\n\n\t\t\t<\/span>\n\t\t<\/td><td class=\"ee-table__cell elementor-repeater-item-3c3e0b0\">\n\t\t\t<span class=\"ee-table__text\"><span class=\"ee-table__text__inner\">40<\/span>\n\n\t\t\t<\/span>\n\t\t<\/td><\/tr><tr class=\"ee-table__row elementor-repeater-item-be3f58a\">\n\n\t\t<td class=\"ee-table__cell elementor-repeater-item-8e5dd0b\">\n\t\t\t<span class=\"ee-table__text\"><span class=\"ee-table__text__inner\">2\u201d \/ 60 mm<\/span>\n\n\t\t\t<\/span>\n\t\t<\/td><td class=\"ee-table__cell elementor-repeater-item-4d6fd04\">\n\t\t\t<span class=\"ee-table__text\"><span class=\"ee-table__text__inner\">Rosca \/ Solda<\/span>\n\n\t\t\t<\/span>\n\t\t<\/td><td class=\"ee-table__cell elementor-repeater-item-d2c3d4a\">\n\t\t\t<span class=\"ee-table__text\"><span class=\"ee-table__text__inner\">22<\/span>\n\n\t\t\t<\/span>\n\t\t<\/td><\/tr><tr class=\"ee-table__row elementor-repeater-item-af33c13\">\n\n\t\t<td class=\"ee-table__cell elementor-repeater-item-3473da6\">\n\t\t\t<span class=\"ee-table__text\"><span class=\"ee-table__text__inner\">2 \u00bd\u201d \/ 75 mm<\/span>\n\n\t\t\t<\/span>\n\t\t<\/td><td class=\"ee-table__cell elementor-repeater-item-50f3adf\">\n\t\t\t<span class=\"ee-table__text\"><span class=\"ee-table__text__inner\">Rosca \/ Solda<\/span>\n\n\t\t\t<\/span>\n\t\t<\/td><td class=\"ee-table__cell elementor-repeater-item-e34714f\">\n\t\t\t<span class=\"ee-table__text\"><span class=\"ee-table__text__inner\">8<\/span>\n\n\t\t\t<\/span>\n\t\t<\/td><\/tr><tr class=\"ee-table__row elementor-repeater-item-ebe9b1f\">\n\n\t\t<td class=\"ee-table__cell elementor-repeater-item-e6b24a5\">\n\t\t\t<span class=\"ee-table__text\"><span class=\"ee-table__text__inner\">3\u201d \/ 85 mm<\/span>\n\n\t\t\t<\/span>\n\t\t<\/td><td class=\"ee-table__cell elementor-repeater-item-1af8d5b\">\n\t\t\t<span class=\"ee-table__text\"><span class=\"ee-table__text__inner\">Rosca \/ Solda<\/span>\n\n\t\t\t<\/span>\n\t\t<\/td><td class=\"ee-table__cell elementor-repeater-item-93fc064\">\n\t\t\t<span class=\"ee-table__text\"><span class=\"ee-table__text__inner\">6<\/span>\n\n\t\t\t<\/span>\n\t\t<\/td><\/tr><tr class=\"ee-table__row elementor-repeater-item-f0c562b\">\n\n\t\t<td class=\"ee-table__cell elementor-repeater-item-e2e5a64\">\n\t\t\t<span class=\"ee-table__text\"><span class=\"ee-table__text__inner\">4\u201d \/ 110 mm<\/span>\n\n\t\t\t<\/span>\n\t\t<\/td><td class=\"ee-table__cell elementor-repeater-item-1daafa1\">\n\t\t\t<span class=\"ee-table__text\"><span class=\"ee-table__text__inner\">Rosca \/ Solda<\/span>\n\n\t\t\t<\/span>\n\t\t<\/td><td class=\"ee-table__cell elementor-repeater-item-0b07e90\">\n\t\t\t<span class=\"ee-table__text\"><span class=\"ee-table__text__inner\">2<\/span>\n\n\t\t\t<\/span>\n\t\t<\/td><\/tr><tr class=\"ee-table__row elementor-repeater-item-28bf3ad\">\n\n\t\t<td class=\"ee-table__cell elementor-repeater-item-90a7867\">\n\t\t\t<span class=\"ee-table__text\"><span class=\"ee-table__text__inner\">6\u201d \/ 160 mm<\/span>\n\n\t\t\t<\/span>\n\t\t<\/td><td class=\"ee-table__cell elementor-repeater-item-c0c3b8e\">\n\t\t\t<span class=\"ee-table__text\"><span class=\"ee-table__text__inner\">Solda<\/span>\n\n\t\t\t<\/span>\n\t\t<\/td><td class=\"ee-table__cell elementor-repeater-item-c177830\">\n\t\t\t<span class=\"ee-table__text\"><span class=\"ee-table__text__inner\">2<\/span>\n\n\t\t\t<\/span>\n\t\t<\/td><\/tr>\n\t\t\t<\/tbody>\n\t\t<\/table>\n\n\t\t\t\t<\/div>\n\t\t\t\t<\/div>\n\t\t\t\t\t<\/div>\n\t\t<\/div>\n\t\t\t\t\t\t\t<\/div>\n\t\t<\/section>\n\t\t\t\t<section class=\"elementor-section elementor-top-section elementor-element elementor-element-39a4a83 elementor-section-boxed elementor-section-height-default elementor-section-height-default\" data-id=\"39a4a83\" data-element_type=\"section\">\n\t\t\t\t\t\t<div class=\"elementor-container elementor-column-gap-default\">\n\t\t\t\t\t<div class=\"elementor-column elementor-col-100 elementor-top-column elementor-element elementor-element-9eca163\" data-id=\"9eca163\" data-element_type=\"column\">\n\t\t\t<div class=\"elementor-widget-wrap elementor-element-populated\">\n\t\t\t\t\t\t\t\t<div class=\"elementor-element elementor-element-00dd204 elementor-widget elementor-widget-spacer\" data-id=\"00dd204\" data-element_type=\"widget\" data-widget_type=\"spacer.default\">\n\t\t\t\t<div class=\"elementor-widget-container\">\n\t\t\t\t\t<div class=\"elementor-spacer\">\n\t\t\t<div class=\"elementor-spacer-inner\"><\/div>\n\t\t<\/div>\n\t\t\t\t<\/div>\n\t\t\t\t<\/div>\n\t\t\t\t\t<\/div>\n\t\t<\/div>\n\t\t\t\t\t\t\t<\/div>\n\t\t<\/section>\n\t\t\t\t<section class=\"elementor-section elementor-top-section elementor-element elementor-element-25795ba elementor-section-boxed elementor-section-height-default elementor-section-height-default\" data-id=\"25795ba\" data-element_type=\"section\">\n\t\t\t\t\t\t<div class=\"elementor-container elementor-column-gap-default\">\n\t\t\t\t\t<div class=\"elementor-column elementor-col-100 elementor-top-column elementor-element elementor-element-d001307\" data-id=\"d001307\" data-element_type=\"column\">\n\t\t\t<div class=\"elementor-widget-wrap elementor-element-populated\">\n\t\t\t\t\t\t\t\t<section class=\"elementor-section elementor-inner-section elementor-element elementor-element-42fd0eb elementor-section-boxed elementor-section-height-default elementor-section-height-default\" data-id=\"42fd0eb\" data-element_type=\"section\" data-settings=\"{&quot;background_background&quot;:&quot;classic&quot;}\">\n\t\t\t\t\t\t<div class=\"elementor-container elementor-column-gap-default\">\n\t\t\t\t\t<div class=\"elementor-column elementor-col-100 elementor-inner-column elementor-element elementor-element-8490102\" data-id=\"8490102\" data-element_type=\"column\">\n\t\t\t<div class=\"elementor-widget-wrap elementor-element-populated\">\n\t\t\t\t\t\t\t\t<div class=\"elementor-element elementor-element-984f779 elementor-widget elementor-widget-image\" data-id=\"984f779\" data-element_type=\"widget\" data-widget_type=\"image.default\">\n\t\t\t\t<div class=\"elementor-widget-container\">\n\t\t\t\t\t\t\t\t\t\t\t\t\t\t\t<img loading=\"lazy\" decoding=\"async\" width=\"750\" height=\"350\" src=\"http:\/\/coval.com.br.previewc75.carrierzone.com\/wp-content\/uploads\/2023\/03\/compactoPack.png\" class=\"attachment-large size-large wp-image-468\" alt=\"\" srcset=\"http:\/\/coval.com.br.previewc75.carrierzone.com\/wp-content\/uploads\/2023\/03\/compactoPack.png 840w, http:\/\/coval.com.br.previewc75.carrierzone.com\/wp-content\/uploads\/2023\/03\/compactoPack-300x140.png 300w, http:\/\/coval.com.br.previewc75.carrierzone.com\/wp-content\/uploads\/2023\/03\/compactoPack-768x358.png 768w\" sizes=\"auto, (max-width: 750px) 100vw, 750px\" style=\"width:100%;height:46.67%;max-width:840px\" \/>\t\t\t\t\t\t\t\t\t\t\t\t\t\t\t<\/div>\n\t\t\t\t<\/div>\n\t\t\t\t<div class=\"elementor-element elementor-element-8398b73 elementor-widget elementor-widget-spacer\" data-id=\"8398b73\" data-element_type=\"widget\" data-widget_type=\"spacer.default\">\n\t\t\t\t<div class=\"elementor-widget-container\">\n\t\t\t\t\t<div class=\"elementor-spacer\">\n\t\t\t<div class=\"elementor-spacer-inner\"><\/div>\n\t\t<\/div>\n\t\t\t\t<\/div>\n\t\t\t\t<\/div>\n\t\t\t\t<div class=\"elementor-element elementor-element-1501738 elementor-widget elementor-widget-elementskit-heading\" data-id=\"1501738\" data-element_type=\"widget\" data-widget_type=\"elementskit-heading.default\">\n\t\t\t\t<div class=\"elementor-widget-container\">\n\t\t\t<div class=\"ekit-wid-con\" ><div class=\"ekit-heading elementskit-section-title-wraper text_left   ekit_heading_tablet-   ekit_heading_mobile-\"><h2 class=\"ekit-heading--title elementskit-section-title \">Caracter\u00edsicas<\/h2>\t\t\t\t<div class='ekit-heading__description'>\n\t\t\t\t\t<ul class=\"font\">\n<li>Sistema V.A.R \u2013 Volante antirres\u00edduos, elimina a entrada de detritos que se acumulam na veda\u00e7\u00e3o da haste.<\/li>\n<li>Possui sistema de fechamento leve e alto poder de estanqueidade.<\/li>\n<li>Produtos 100% testados de f\u00e1brica.<\/li>\n<li>Veda\u00e7\u00e3o NBR e PTFE<\/li>\n<li>Vaz\u00e3o plena, sem perda de carga.<\/li>\n<li>Design exclusivo, mais robusto garantindo resist\u00eancia a golpes de ar\u00edete.<\/li>\n<li>Os Registros de Esfera devem ser utilizados apenas na condi\u00e7\u00e3o de totalmente abertos ou totalmente fechados, n\u00e3o sendo recomendados para uso como regulador de vaz\u00e3o, sob pena de vir a danificar as veda\u00e7\u00f5es.<\/li>\n<\/ul>\n\t\t\t\t<\/div>\n\t\t\t<\/div><\/div>\t\t<\/div>\n\t\t\t\t<\/div>\n\t\t\t\t<div class=\"elementor-element elementor-element-382da61 elementor-widget elementor-widget-spacer\" data-id=\"382da61\" data-element_type=\"widget\" data-widget_type=\"spacer.default\">\n\t\t\t\t<div class=\"elementor-widget-container\">\n\t\t\t\t\t<div class=\"elementor-spacer\">\n\t\t\t<div class=\"elementor-spacer-inner\"><\/div>\n\t\t<\/div>\n\t\t\t\t<\/div>\n\t\t\t\t<\/div>\n\t\t\t\t<div class=\"elementor-element elementor-element-65935bf elementor-widget elementor-widget-elementskit-heading\" data-id=\"65935bf\" data-element_type=\"widget\" data-widget_type=\"elementskit-heading.default\">\n\t\t\t\t<div class=\"elementor-widget-container\">\n\t\t\t<div class=\"ekit-wid-con\" ><div class=\"ekit-heading elementskit-section-title-wraper text_left   ekit_heading_tablet-   ekit_heading_mobile-\"><h2 class=\"ekit-heading--title elementskit-section-title \">Benef\u00edcios<\/h2>\t\t\t\t<div class='ekit-heading__description'>\n\t\t\t\t\t<ul class=\"font\">\n<li>Praticidade: f\u00e1cil e r\u00e1pida opera\u00e7\u00e3o de abertura e fechamento.<\/li>\n<li>Facilidade e Seguran\u00e7a na instala\u00e7\u00e3o e manuten\u00e7\u00e3o.<\/li>\n<li>Estanqueidade e Durabilidade: elevada vida \u00fatil, resistente a altas press\u00f5es, produtos qu\u00edmicos e corros\u00e3o.<\/li>\n<\/ul>\n\t\t\t\t<\/div>\n\t\t\t<\/div><\/div>\t\t<\/div>\n\t\t\t\t<\/div>\n\t\t\t\t\t<\/div>\n\t\t<\/div>\n\t\t\t\t\t\t\t<\/div>\n\t\t<\/section>\n\t\t\t\t\t<\/div>\n\t\t<\/div>\n\t\t\t\t\t\t\t<\/div>\n\t\t<\/section>\n\t\t\t\t<section class=\"elementor-section elementor-top-section elementor-element elementor-element-83d651c elementor-section-boxed elementor-section-height-default elementor-section-height-default\" data-id=\"83d651c\" data-element_type=\"section\">\n\t\t\t\t\t\t<div class=\"elementor-container elementor-column-gap-default\">\n\t\t\t\t\t<div class=\"elementor-column elementor-col-100 elementor-top-column elementor-element elementor-element-b83fb41\" data-id=\"b83fb41\" data-element_type=\"column\">\n\t\t\t<div class=\"elementor-widget-wrap elementor-element-populated\">\n\t\t\t\t\t\t\t\t<div class=\"elementor-element elementor-element-4e8c502 elementor-widget elementor-widget-spacer\" data-id=\"4e8c502\" data-element_type=\"widget\" data-widget_type=\"spacer.default\">\n\t\t\t\t<div class=\"elementor-widget-container\">\n\t\t\t\t\t<div class=\"elementor-spacer\">\n\t\t\t<div class=\"elementor-spacer-inner\"><\/div>\n\t\t<\/div>\n\t\t\t\t<\/div>\n\t\t\t\t<\/div>\n\t\t\t\t\t<\/div>\n\t\t<\/div>\n\t\t\t\t\t\t\t<\/div>\n\t\t<\/section>\n\t\t\t\t\t\t\t<\/div>\n\t\t","protected":false},"excerpt":{"rendered":"<p>Registro de esfera de pvc compacto Os Registros de Esfera de PVC Compactos possuem diversos tamanhos de bitolas e podem ser utilizados em press\u00f5es de servi\u00e7o de at\u00e9 10 kgf\/cm\u00b2 e 65\u00ba C, totalmente aberto ou totalmente fechado. Dispon\u00edveis em tamanhos variados de bitolas, para diversos tipos de obras e projetos. \u00bd\u201d (20 mm) a&hellip; <a class=\"more-link\" href=\"http:\/\/coval.com.br\/?page_id=444\">Continue a ler <span class=\"screen-reader-text\">Registro de Esfera<\/span><\/a><\/p>\n","protected":false},"author":1,"featured_media":0,"parent":0,"menu_order":0,"comment_status":"closed","ping_status":"closed","template":"elementor_header_footer","meta":{"footnotes":""},"class_list":["post-444","page","type-page","status-publish","hentry","entry"],"_links":{"self":[{"href":"http:\/\/coval.com.br\/index.php?rest_route=\/wp\/v2\/pages\/444","targetHints":{"allow":["GET"]}}],"collection":[{"href":"http:\/\/coval.com.br\/index.php?rest_route=\/wp\/v2\/pages"}],"about":[{"href":"http:\/\/coval.com.br\/index.php?rest_route=\/wp\/v2\/types\/page"}],"author":[{"embeddable":true,"href":"http:\/\/coval.com.br\/index.php?rest_route=\/wp\/v2\/users\/1"}],"replies":[{"embeddable":true,"href":"http:\/\/coval.com.br\/index.php?rest_route=%2Fwp%2Fv2%2Fcomments&post=444"}],"version-history":[{"count":54,"href":"http:\/\/coval.com.br\/index.php?rest_route=\/wp\/v2\/pages\/444\/revisions"}],"predecessor-version":[{"id":1259,"href":"http:\/\/coval.com.br\/index.php?rest_route=\/wp\/v2\/pages\/444\/revisions\/1259"}],"wp:attachment":[{"href":"http:\/\/coval.com.br\/index.php?rest_route=%2Fwp%2Fv2%2Fmedia&parent=444"}],"curies":[{"name":"wp","href":"https:\/\/api.w.org\/{rel}","templated":true}]}}